{"id":2009,"date":"2021-01-29T13:59:06","date_gmt":"2021-01-29T12:59:06","guid":{"rendered":"https:\/\/infoster.com.pl\/innolot\/"},"modified":"2024-01-19T11:14:20","modified_gmt":"2024-01-19T10:14:20","slug":"innolot","status":"publish","type":"page","link":"https:\/\/infoster.com.pl\/en\/innolot\/","title":{"rendered":"INNOLOT"},"content":{"rendered":"<section class=\"wpb-content-wrapper\"><p>[vc_row css=&#8221;.vc_custom_1705491661967{margin-top: 220px !important;}&#8221;][vc_column el_class=&#8221;container&#8221;][vc_column_text css=&#8221;.vc_custom_1705491832006{margin-bottom: 1rem !important;}&#8221;]<\/p>\n<h3 style=\"font-weight: 600; color: #086ad8;\">Innolot<\/h3>\n<p>[\/vc_column_text][vc_column_text]<\/p>\n<div class=\"\" style=\"font-size: 14px;\">PROJECT CO-FINANCED BY THE NATIONAL RESEARCH AND DEVELOPMENT CENTRE AND THE EUROPEAN UNION UNDER THE EUROPEAN REGIONAL DEVELOPMENT FUND.<\/div>\n<p>[\/vc_column_text][vc_row_inner][vc_column_inner][vc_column_text]<\/p>\n<h3 style=\"font-weight: 600; color: #086ad8;\">Innocast<\/h3>\n<p>[\/vc_column_text][vc_column_text css_animation=&#8221;none&#8221;]<\/p>\n<div class=\"project-list\">\n<div style=\"width: 100%;\"><b>&#8220;INNOCAST&#8221; advanced foundry technologies<\/b><\/div>\n<div style=\"width: 100%;\"><b>INNOLOT\/I\/8\/NCBR\/2013<\/b><\/div>\n<div style=\"width: 100%;\"><b>Beneficiary&#8217;s name:<\/b><br \/>\nWSK &#8220;PZL-Rzesz\u00f3w&#8221; S.A.<\/div>\n<div style=\"width: 100%;\"><b>Project implementation period:<\/b><br \/>\n2013-2018<\/div>\n<div><b>Project partners:<\/b><br \/>\nRzesz\u00f3w University of Technology Ignacego \u0141ukasiewicza, Warsaw University of Technology, University Research Centre: &#8216;Functional Materials&#8217; , Silesian University of Technology in Gliwice, Energy Institute, CEREL Ceramics Division, POLWAX S.A., INFOSTER sp. z o.o.<\/div>\n<\/div>\n<p>[\/vc_column_text][\/vc_column_inner][\/vc_row_inner][\/vc_column][\/vc_row][vc_row css=&#8221;.vc_custom_1705496223162{margin-top: 50px !important;}&#8221;][vc_column el_class=&#8221;container no-counter&#8221;]<!-- Start Works About \n    ============================================= -->\n    <div class=\"works-about-area overflow-hidden about-disable-stats about-no-counter padding-none\">\n        <div class=\"container\">\n            <div class=\"works-about-items default-padding\">\n                <div class=\"row align-center\">\n                    <div class=\"col-lg-6 info\">\n                        <h5><\/h5>\n                        <h2>Aim of Innocast project<br><\/h2>\n                        <p>\n                             The aim of the project is to develop a technology for casting large-size, cored thin-walled six-bladed segments for the low-pressure turbine steering apparatus of the GP7000 jet engine. Currently, this type of component is made by only one company in the world: the Alcoa Howmet.\n<\/p>\n<p>In order to meet the requirements for the production of this type of advanced components, it is necessary to develop new technological solutions and improve individual stages of the casting process, this being effected through using new materials developed within the project, such as new casting waxes, ceramic mixtures and cores.<br \/>\n \n                        <\/p>\n                        <ul>\n                            <li>\n                                <h5><\/h5>\n                            <\/li>\n                            <li>\n                                <h5><\/h5>\n                            <\/li>\n                        <\/ul><\/div>\n                    <div class=\"col-lg-6\">\n                        <div class=\"thumb\">\n                            <img decoding=\"async\" src=\"https:\/\/infoster.com.pl\/wp-content\/uploads\/2021\/01\/5.png\" alt=\"Thumb\">\n                            <div class=\"fun-fact\">\n                                <div class=\"timer\" data-to=\"\" data-speed=\"5000\"><\/div>\n                                <span class=\"medium\"><\/span>\n                            <\/div>\n                        <\/div>\n                    <\/div>\n                <\/div>\n            <\/div>\n        <\/div>\n    <\/div>\n    <!-- End Works About Area -->[\/vc_column][\/vc_row][vc_row el_id=&#8221;system&#8221; css=&#8221;.vc_custom_1705496075958{margin-top: -70px !important;margin-bottom: 50px !important;}&#8221;][vc_column el_class=&#8221;container&#8221;][vc_column_text]<\/p>\n<h3 style=\"font-weight: 600;\">Design support system<\/h3>\n<p>[\/vc_column_text][vc_column_text]<\/p>\n<div class=\"scroll-text\">\n<div class=\"scroll-i\"><\/div>\n<p>The INFOSTER sp. z o.o. together with the WSK &#8220;PZL-Rzesz\u00f3w&#8221; S.A. are working on Task WP10: &#8220;Process data management (Intelligent systems)&#8221;, which is defined as The system of assisting design and technological test implementation. Knowledge base.<\/p>\n<p>The research work is expected to yield the Expert System for Designing and Assisting Technological Trials and Process Monitoring, founded on a Knowledge Base. Research will be carried out on the development of individual modules of the Expert System for Design and Assisting Technological Trials and Process Monitoring, these including:<\/p>\n<ul>\n<li>databases of materials (basic and auxiliary), gear, instrumentation and requirements, criteria and constraints<\/li>\n<li>database for external and internal projects,<\/li>\n<li>database of technological problems,<\/li>\n<li>&#8220;Assisting technological trials design&#8221; Module, (based on experiment-planning tools and the SIX SIGMA methodology),<\/li>\n<li>&#8220;Single Part Tracking&#8221; Module,<\/li>\n<li>&#8220;Cause-and-effect analyses&#8221; Module,<\/li>\n<li>&#8220;Benchmarking and good practices&#8221; Module,<\/li>\n<li>&#8220;Process data acquisition&#8221; Module.<\/li>\n<\/ul>\n<p>The system can be divided into three logical layers. The first one relates to the acquisition of process data coming from production-line, from laboratory trials or from bench tests off-line. The second one relates to planning experiments, their supervision, data analysis and inferencing. The third one deals with data archiving.<\/p>\n<p>How the system operates will be verified during technological trials at the launch of a new product.<\/p>\n<p>An essential element of the system is the identification of production unit, in the form of a single blade, the successive individual processes involving the creation of the wax model, positioning of the mould during the wax smelting process, mould annealing and the casting process.<\/p>\n<p>The data analysis module is meant to ensure processing of the data until the expected form is reached, to select key information items, e.g. the maximum value of a feature extracted from the results of its distribution measured over a period of time. The module will also provide visualisations, produce statistical models, enable selection of coefficient values in physical-chemical models and will assist construction of models based on regression and correlation analysis.<\/p><\/div>\n<p>[\/vc_column_text][\/vc_column][\/vc_row]<\/p>\n<\/section>","protected":false},"excerpt":{"rendered":"<p>[vc_row css=&#8221;.vc_custom_1705491661967{margin-top: 220px !important;}&#8221;][vc_column el_class=&#8221;container&#8221;][vc_column_text css=&#8221;.vc_custom_1705491832006{margin-bottom: 1rem !important;}&#8221;] Innolot [\/vc_column_text][vc_column_text] PROJECT CO-FINANCED BY THE NATIONAL RESEARCH AND DEVELOPMENT CENTRE AND THE EUROPEAN UNION UNDER THE EUROPEAN REGIONAL DEVELOPMENT FUND. [\/vc_column_text][vc_row_inner][vc_column_inner][vc_column_text] Innocast [\/vc_column_text][vc_column_text css_animation=&#8221;none&#8221;] &#8220;INNOCAST&#8221; advanced foundry technologies INNOLOT\/I\/8\/NCBR\/2013 Beneficiary&#8217;s name: WSK &#8220;PZL-Rzesz\u00f3w&#8221; S.A. Project implementation period: 2013-2018 Project partners: Rzesz\u00f3w University of Technology Ignacego \u0141ukasiewicza, [&hellip;]<\/p>\n","protected":false},"author":1,"featured_media":0,"parent":0,"menu_order":0,"comment_status":"closed","ping_status":"closed","template":"page-templates\/home5.php","meta":{"_monsterinsights_skip_tracking":false,"_monsterinsights_sitenote_active":false,"_monsterinsights_sitenote_note":"","_monsterinsights_sitenote_category":0,"footnotes":""},"class_list":["post-2009","page","type-page","status-publish","hentry"],"aioseo_notices":[],"_links":{"self":[{"href":"https:\/\/infoster.com.pl\/en\/wp-json\/wp\/v2\/pages\/2009","targetHints":{"allow":["GET"]}}],"collection":[{"href":"https:\/\/infoster.com.pl\/en\/wp-json\/wp\/v2\/pages"}],"about":[{"href":"https:\/\/infoster.com.pl\/en\/wp-json\/wp\/v2\/types\/page"}],"author":[{"embeddable":true,"href":"https:\/\/infoster.com.pl\/en\/wp-json\/wp\/v2\/users\/1"}],"replies":[{"embeddable":true,"href":"https:\/\/infoster.com.pl\/en\/wp-json\/wp\/v2\/comments?post=2009"}],"version-history":[{"count":7,"href":"https:\/\/infoster.com.pl\/en\/wp-json\/wp\/v2\/pages\/2009\/revisions"}],"predecessor-version":[{"id":2017,"href":"https:\/\/infoster.com.pl\/en\/wp-json\/wp\/v2\/pages\/2009\/revisions\/2017"}],"wp:attachment":[{"href":"https:\/\/infoster.com.pl\/en\/wp-json\/wp\/v2\/media?parent=2009"}],"curies":[{"name":"wp","href":"https:\/\/api.w.org\/{rel}","templated":true}]}}